{"id":154,"date":"2021-04-19T01:30:42","date_gmt":"2021-04-19T01:30:42","guid":{"rendered":"https:\/\/www.epscon.mx\/test2021\/?page_id=154"},"modified":"2024-06-03T22:33:52","modified_gmt":"2024-06-03T22:33:52","slug":"clientes","status":"publish","type":"page","link":"https:\/\/www.epscon.mx\/en\/clientes\/","title":{"rendered":"Clients"},"content":{"rendered":"<div data-elementor-type=\"wp-page\" data-elementor-id=\"154\" class=\"elementor elementor-154\">\n\t\t\t\t\t\t<section class=\"elementor-section elementor-top-section elementor-element elementor-element-f85cea3 elementor-section-full_width elementor-section-stretched elementor-section-height-default elementor-section-height-default\" data-id=\"f85cea3\" data-element_type=\"section\" data-e-type=\"section\" data-settings=\"{&quot;stretch_section&quot;:&quot;section-stretched&quot;,&quot;background_background&quot;:&quot;classic&quot;}\">\n\t\t\t\t\t\t\t<div class=\"elementor-background-overlay\"><\/div>\n\t\t\t\t\t\t\t<div class=\"elementor-container elementor-column-gap-default\">\n\t\t\t\t\t<div class=\"elementor-column elementor-col-100 elementor-top-column elementor-element elementor-element-211fe27\" data-id=\"211fe27\" data-element_type=\"column\" data-e-type=\"column\">\n\t\t\t<div class=\"elementor-widget-wrap elementor-element-populated\">\n\t\t\t\t\t\t<div class=\"elementor-element elementor-element-ec54b36 elementor-widget elementor-widget-heading\" data-id=\"ec54b36\" data-element_type=\"widget\" data-e-type=\"widget\" data-widget_type=\"heading.default\">\n\t\t\t\t<div class=\"elementor-widget-container\">\n\t\t\t\t\t<h2 class=\"elementor-heading-title elementor-size-default\"><div style=\"text-align:center !important\">Our Clients<\/div><\/h2>\t\t\t\t<\/div>\n\t\t\t\t<\/div>\n\t\t\t\t<div class=\"elementor-element elementor-element-8ca0670 elementor-widget elementor-widget-text-editor\" data-id=\"8ca0670\" data-element_type=\"widget\" data-e-type=\"widget\" data-widget_type=\"text-editor.default\">\n\t\t\t\t<div class=\"elementor-widget-container\">\n\t\t\t\t\t\t\t\t\t<div style=\"text-align:center !important;\"><span style=\"font-weight: 400;\">At <\/span><b>EPSCON<\/b><span style=\"font-weight: 400;\"> we specialize in consulting medium size and large industry as well as large commerce. This kind of users, with proper guidance, have the most leverage to get advantageous tariffs and contract conditions.<\/span>\n\n<span style=\"font-weight: 400;\">Get in touch and, with a simple inspection of your electricity bills we will be able to discuss your options to get a better tariff and start designing a plan suited to your company.<\/span>\n\n<span style=\"font-weight: 400;\">We have worked on negotiation and management of Power Purchase Agreement of companies from different kind of industries.<\/span><\/div>\t\t\t\t\t\t\t\t<\/div>\n\t\t\t\t<\/div>\n\t\t\t\t<div class=\"elementor-element elementor-element-dfc6302 animated-slow elementor-invisible elementor-widget elementor-widget-text-editor\" data-id=\"dfc6302\" data-element_type=\"widget\" data-e-type=\"widget\" data-settings=\"{&quot;_animation&quot;:&quot;fadeInUp&quot;,&quot;_animation_delay&quot;:300}\" data-widget_type=\"text-editor.default\">\n\t\t\t\t<div class=\"elementor-widget-container\">\n\t\t\t\t\t\t\t\t\t<div style=\"text-align:center !important;\">\n<strong>Automotive   Telecommunications Manufacturing  Food <br>Petrochemical Mining Steel Paper Glass Retail<\/strong><\/div>\t\t\t\t\t\t\t\t<\/div>\n\t\t\t\t<\/div>\n\t\t\t\t\t<\/div>\n\t\t<\/div>\n\t\t\t\t\t<\/div>\n\t\t<\/section>\n\t\t\t\t<section class=\"elementor-section elementor-top-section elementor-element elementor-element-b556ce1 elementor-section-boxed elementor-section-height-default elementor-section-height-default\" data-id=\"b556ce1\" data-element_type=\"section\" data-e-type=\"section\">\n\t\t\t\t\t\t<div class=\"elementor-container elementor-column-gap-default\">\n\t\t\t\t\t<div class=\"elementor-column elementor-col-100 elementor-top-column elementor-element elementor-element-cfd0177\" data-id=\"cfd0177\" data-element_type=\"column\" data-e-type=\"column\">\n\t\t\t<div class=\"elementor-widget-wrap elementor-element-populated\">\n\t\t\t\t\t\t<div class=\"elementor-element elementor-element-bc25ed8 elementor-widget elementor-widget-heading\" data-id=\"bc25ed8\" data-element_type=\"widget\" data-e-type=\"widget\" data-widget_type=\"heading.default\">\n\t\t\t\t<div class=\"elementor-widget-container\">\n\t\t\t\t\t<h2 class=\"elementor-heading-title elementor-size-default\">Some of our clients<\/h2>\t\t\t\t<\/div>\n\t\t\t\t<\/div>\n\t\t\t\t<div class=\"elementor-element elementor-element-52747f9 arrows-relative-to-box_area slider-layout_1 slider-tablet-default slider-mobile-default slide-h-position-center bullets-small-dot-stroke elementor-widget elementor-widget-the7_content_carousel\" data-id=\"52747f9\" data-element_type=\"widget\" data-e-type=\"widget\" data-settings=\"{&quot;widget_columns&quot;:4,&quot;widget_columns_tablet&quot;:2,&quot;widget_columns_mobile&quot;:1,&quot;gap_between_posts&quot;:{&quot;unit&quot;:&quot;px&quot;,&quot;size&quot;:30,&quot;sizes&quot;:[]},&quot;gap_between_posts_tablet&quot;:{&quot;unit&quot;:&quot;px&quot;,&quot;size&quot;:&quot;&quot;,&quot;sizes&quot;:[]},&quot;gap_between_posts_mobile&quot;:{&quot;unit&quot;:&quot;px&quot;,&quot;size&quot;:&quot;&quot;,&quot;sizes&quot;:[]}}\" data-widget_type=\"the7_content_carousel.default\">\n\t\t\t\t<div class=\"elementor-widget-container\">\n\t\t\t\t\t<div class=\"disable-arrows-hover-bg owl-carousel text-and-icon-carousel elementor-owl-carousel-call the7-elementor-widget the7_content_carousel-52747f9\" data-scroll-mode=\"1\" data-auto-height=\"true\" data-speed=\"600\" data-autoplay=\"true\" data-autoplay_speed=\"6000\"><div  class=\"dt-owl-item-wrap elements-hover\"  ><div class=\"dt-owl-item-inner\"><div  class=\"dt-owl-item-image layzr-bg img-css-resize-wrapper\"> <img decoding=\"async\" width=\"200\" height=\"100\" src=\"data:image\/svg+xml,%3Csvg%20xmlns%3D&#039;http%3A%2F%2Fwww.w3.org%2F2000%2Fsvg&#039;%20viewBox%3D&#039;0%200%20200%20100&#039;%2F%3E\" class=\"attachment-full size-full preload-me aspect lazy lazy-load\" alt=\"\" style=\"--ratio: 200 \/ 100;\" data-src=\"https:\/\/www.epscon.mx\/wp-content\/uploads\/2021\/04\/aam.jpg\" loading=\"eager\" \/><\/div><\/div><\/div><div  class=\"dt-owl-item-wrap elements-hover\"  ><div class=\"dt-owl-item-inner\"><div  class=\"dt-owl-item-image layzr-bg img-css-resize-wrapper\"> <img decoding=\"async\" width=\"200\" height=\"100\" src=\"data:image\/svg+xml,%3Csvg%20xmlns%3D&#039;http%3A%2F%2Fwww.w3.org%2F2000%2Fsvg&#039;%20viewBox%3D&#039;0%200%20200%20100&#039;%2F%3E\" class=\"attachment-full size-full preload-me aspect lazy lazy-load\" alt=\"\" style=\"--ratio: 200 \/ 100;\" data-src=\"https:\/\/www.epscon.mx\/wp-content\/uploads\/2021\/04\/afirme.jpg\" loading=\"eager\" \/><\/div><\/div><\/div><div  class=\"dt-owl-item-wrap elements-hover\"  ><div class=\"dt-owl-item-inner\"><div  class=\"dt-owl-item-image layzr-bg img-css-resize-wrapper\"> <img decoding=\"async\" width=\"200\" height=\"100\" src=\"data:image\/svg+xml,%3Csvg%20xmlns%3D&#039;http%3A%2F%2Fwww.w3.org%2F2000%2Fsvg&#039;%20viewBox%3D&#039;0%200%20200%20100&#039;%2F%3E\" class=\"attachment-full size-full preload-me aspect lazy lazy-load\" alt=\"\" style=\"--ratio: 200 \/ 100;\" data-src=\"https:\/\/www.epscon.mx\/wp-content\/uploads\/2021\/04\/align.jpg\" loading=\"eager\" \/><\/div><\/div><\/div><div  class=\"dt-owl-item-wrap elements-hover\"  ><div class=\"dt-owl-item-inner\"><div  class=\"dt-owl-item-image layzr-bg img-css-resize-wrapper\"> <img decoding=\"async\" width=\"200\" height=\"100\" src=\"data:image\/svg+xml,%3Csvg%20xmlns%3D&#039;http%3A%2F%2Fwww.w3.org%2F2000%2Fsvg&#039;%20viewBox%3D&#039;0%200%20200%20100&#039;%2F%3E\" class=\"attachment-full size-full preload-me aspect lazy lazy-load\" alt=\"\" style=\"--ratio: 200 \/ 100;\" data-src=\"https:\/\/www.epscon.mx\/wp-content\/uploads\/2021\/04\/aura.jpg\" loading=\"eager\" \/><\/div><\/div><\/div><div  class=\"dt-owl-item-wrap elements-hover\"  ><div class=\"dt-owl-item-inner\"><div  class=\"dt-owl-item-image layzr-bg img-css-resize-wrapper\"> <img decoding=\"async\" width=\"200\" height=\"100\" src=\"data:image\/svg+xml,%3Csvg%20xmlns%3D&#039;http%3A%2F%2Fwww.w3.org%2F2000%2Fsvg&#039;%20viewBox%3D&#039;0%200%20200%20100&#039;%2F%3E\" class=\"attachment-full size-full preload-me aspect lazy lazy-load\" alt=\"\" style=\"--ratio: 200 \/ 100;\" data-src=\"https:\/\/www.epscon.mx\/wp-content\/uploads\/2021\/04\/denso.jpg\" loading=\"eager\" \/><\/div><\/div><\/div><div  class=\"dt-owl-item-wrap elements-hover\"  ><div class=\"dt-owl-item-inner\"><div  class=\"dt-owl-item-image layzr-bg img-css-resize-wrapper\"> <img decoding=\"async\" width=\"200\" height=\"100\" src=\"data:image\/svg+xml,%3Csvg%20xmlns%3D&#039;http%3A%2F%2Fwww.w3.org%2F2000%2Fsvg&#039;%20viewBox%3D&#039;0%200%20200%20100&#039;%2F%3E\" class=\"attachment-full size-full preload-me aspect lazy lazy-load\" alt=\"\" style=\"--ratio: 200 \/ 100;\" data-src=\"https:\/\/www.epscon.mx\/wp-content\/uploads\/2021\/04\/frisa.jpg\" loading=\"eager\" \/><\/div><\/div><\/div><div  class=\"dt-owl-item-wrap elements-hover\"  ><div class=\"dt-owl-item-inner\"><div  class=\"dt-owl-item-image layzr-bg img-css-resize-wrapper\"> <img decoding=\"async\" width=\"200\" height=\"100\" src=\"data:image\/svg+xml,%3Csvg%20xmlns%3D&#039;http%3A%2F%2Fwww.w3.org%2F2000%2Fsvg&#039;%20viewBox%3D&#039;0%200%20200%20100&#039;%2F%3E\" class=\"attachment-full size-full preload-me aspect lazy lazy-load\" alt=\"\" style=\"--ratio: 200 \/ 100;\" data-src=\"https:\/\/www.epscon.mx\/wp-content\/uploads\/2021\/04\/majestic.jpg\" loading=\"eager\" \/><\/div><\/div><\/div><div  class=\"dt-owl-item-wrap elements-hover\"  ><div class=\"dt-owl-item-inner\"><div  class=\"dt-owl-item-image layzr-bg img-css-resize-wrapper\"> <img decoding=\"async\" width=\"200\" height=\"100\" src=\"data:image\/svg+xml,%3Csvg%20xmlns%3D&#039;http%3A%2F%2Fwww.w3.org%2F2000%2Fsvg&#039;%20viewBox%3D&#039;0%200%20200%20100&#039;%2F%3E\" class=\"attachment-full size-full preload-me aspect lazy lazy-load\" alt=\"\" style=\"--ratio: 200 \/ 100;\" data-src=\"https:\/\/www.epscon.mx\/wp-content\/uploads\/2021\/04\/panamerican.jpg\" loading=\"eager\" \/><\/div><\/div><\/div><div  class=\"dt-owl-item-wrap elements-hover\"  ><div class=\"dt-owl-item-inner\"><div  class=\"dt-owl-item-image layzr-bg img-css-resize-wrapper\"> <img decoding=\"async\" width=\"200\" height=\"100\" src=\"data:image\/svg+xml,%3Csvg%20xmlns%3D&#039;http%3A%2F%2Fwww.w3.org%2F2000%2Fsvg&#039;%20viewBox%3D&#039;0%200%20200%20100&#039;%2F%3E\" class=\"attachment-full size-full preload-me aspect lazy lazy-load\" alt=\"\" style=\"--ratio: 200 \/ 100;\" data-src=\"https:\/\/www.epscon.mx\/wp-content\/uploads\/2021\/04\/posco.jpg\" loading=\"eager\" \/><\/div><\/div><\/div><div  class=\"dt-owl-item-wrap elements-hover\"  ><div class=\"dt-owl-item-inner\"><div  class=\"dt-owl-item-image layzr-bg img-css-resize-wrapper\"> <img decoding=\"async\" width=\"200\" height=\"100\" src=\"data:image\/svg+xml,%3Csvg%20xmlns%3D&#039;http%3A%2F%2Fwww.w3.org%2F2000%2Fsvg&#039;%20viewBox%3D&#039;0%200%20200%20100&#039;%2F%3E\" class=\"attachment-full size-full preload-me aspect lazy lazy-load\" alt=\"\" style=\"--ratio: 200 \/ 100;\" data-src=\"https:\/\/www.epscon.mx\/wp-content\/uploads\/2021\/04\/promax.jpg\" loading=\"eager\" \/><\/div><\/div><\/div><div  class=\"dt-owl-item-wrap elements-hover\"  ><div class=\"dt-owl-item-inner\"><div  class=\"dt-owl-item-image layzr-bg img-css-resize-wrapper\"> <img decoding=\"async\" width=\"200\" height=\"100\" src=\"data:image\/svg+xml,%3Csvg%20xmlns%3D&#039;http%3A%2F%2Fwww.w3.org%2F2000%2Fsvg&#039;%20viewBox%3D&#039;0%200%20200%20100&#039;%2F%3E\" class=\"attachment-full size-full preload-me aspect lazy lazy-load\" alt=\"\" style=\"--ratio: 200 \/ 100;\" data-src=\"https:\/\/www.epscon.mx\/wp-content\/uploads\/2021\/04\/signode.jpg\" loading=\"eager\" \/><\/div><\/div><\/div><div  class=\"dt-owl-item-wrap elements-hover\"  ><div class=\"dt-owl-item-inner\"><div  class=\"dt-owl-item-image layzr-bg img-css-resize-wrapper\"> <img decoding=\"async\" width=\"200\" height=\"100\" src=\"data:image\/svg+xml,%3Csvg%20xmlns%3D&#039;http%3A%2F%2Fwww.w3.org%2F2000%2Fsvg&#039;%20viewBox%3D&#039;0%200%20200%20100&#039;%2F%3E\" class=\"attachment-full size-full preload-me aspect lazy lazy-load\" alt=\"\" style=\"--ratio: 200 \/ 100;\" data-src=\"https:\/\/www.epscon.mx\/wp-content\/uploads\/2021\/04\/villacero.jpg\" loading=\"eager\" \/><\/div><\/div><\/div><div  class=\"dt-owl-item-wrap elements-hover\"  ><div class=\"dt-owl-item-inner\"><div  class=\"dt-owl-item-image layzr-bg img-css-resize-wrapper\"> <img decoding=\"async\" width=\"200\" height=\"100\" src=\"data:image\/svg+xml,%3Csvg%20xmlns%3D&#039;http%3A%2F%2Fwww.w3.org%2F2000%2Fsvg&#039;%20viewBox%3D&#039;0%200%20200%20100&#039;%2F%3E\" class=\"attachment-full size-full preload-me aspect lazy lazy-load\" alt=\"\" style=\"--ratio: 200 \/ 100;\" data-src=\"https:\/\/www.epscon.mx\/wp-content\/uploads\/2021\/04\/vitro.jpg\" loading=\"eager\" \/><\/div><\/div><\/div><div  class=\"dt-owl-item-wrap elements-hover\"  ><div class=\"dt-owl-item-inner\"><div  class=\"dt-owl-item-image layzr-bg img-css-resize-wrapper\"> <img decoding=\"async\" width=\"200\" height=\"100\" src=\"data:image\/svg+xml,%3Csvg%20xmlns%3D&#039;http%3A%2F%2Fwww.w3.org%2F2000%2Fsvg&#039;%20viewBox%3D&#039;0%200%20200%20100&#039;%2F%3E\" class=\"attachment-full size-full preload-me aspect lazy lazy-load\" alt=\"\" style=\"--ratio: 200 \/ 100;\" data-src=\"https:\/\/www.epscon.mx\/wp-content\/uploads\/2021\/04\/xignux.jpg\" loading=\"eager\" \/><\/div><\/div><\/div><div  class=\"dt-owl-item-wrap elements-hover\"  ><div class=\"dt-owl-item-inner\"><div  class=\"dt-owl-item-image layzr-bg img-css-resize-wrapper\"> <img decoding=\"async\" width=\"200\" height=\"100\" src=\"data:image\/svg+xml,%3Csvg%20xmlns%3D&#039;http%3A%2F%2Fwww.w3.org%2F2000%2Fsvg&#039;%20viewBox%3D&#039;0%200%20200%20100&#039;%2F%3E\" class=\"attachment-full size-full preload-me aspect lazy lazy-load\" alt=\"\" style=\"--ratio: 200 \/ 100;\" data-src=\"https:\/\/www.epscon.mx\/wp-content\/uploads\/2021\/04\/zf.jpg\" loading=\"eager\" \/><\/div><\/div><\/div><div  class=\"dt-owl-item-wrap elements-hover\"  ><div class=\"dt-owl-item-inner\"><div  class=\"dt-owl-item-image layzr-bg img-css-resize-wrapper\"> <img decoding=\"async\" width=\"200\" height=\"100\" src=\"data:image\/svg+xml,%3Csvg%20xmlns%3D&#039;http%3A%2F%2Fwww.w3.org%2F2000%2Fsvg&#039;%20viewBox%3D&#039;0%200%20200%20100&#039;%2F%3E\" class=\"attachment-full size-full preload-me aspect lazy lazy-load\" alt=\"\" style=\"--ratio: 200 \/ 100;\" data-src=\"https:\/\/www.epscon.mx\/wp-content\/uploads\/2021\/04\/rappel.jpg\" loading=\"eager\" \/><\/div><\/div><\/div><div  class=\"dt-owl-item-wrap elements-hover\"  ><div class=\"dt-owl-item-inner\"><div  class=\"dt-owl-item-image layzr-bg img-css-resize-wrapper\"> <img decoding=\"async\" width=\"200\" height=\"100\" src=\"data:image\/svg+xml,%3Csvg%20xmlns%3D&#039;http%3A%2F%2Fwww.w3.org%2F2000%2Fsvg&#039;%20viewBox%3D&#039;0%200%20200%20100&#039;%2F%3E\" class=\"attachment-full size-full preload-me aspect lazy lazy-load\" alt=\"\" style=\"--ratio: 200 \/ 100;\" data-src=\"https:\/\/www.epscon.mx\/wp-content\/uploads\/2021\/04\/innova.jpg\" loading=\"eager\" \/><\/div><\/div><\/div><\/div><div class=\"owl-nav disabled\"><div class=\"owl-prev\" role=\"button\" tabindex=\"0\" aria-label=\"Prev slide\"><i class=\"fas fa-chevron-left\"><\/i><\/div><div class=\"owl-next\" role=\"button\" tabindex=\"0\" aria-label=\"Next slide\"><i class=\"fas fa-chevron-right\"><\/i><\/div><\/div>\t\t\t\t<\/div>\n\t\t\t\t<\/div>\n\t\t\t\t\t<\/div>\n\t\t<\/div>\n\t\t\t\t\t<\/div>\n\t\t<\/section>\n\t\t\t\t<\/div>","protected":false},"excerpt":{"rendered":"<p>Nuestros Clientes En EPSCON nos especializamos en la asesor\u00eda a mediana y gran industria, as\u00ed como gran comercio. Son este tipo de usuarios quienes, con la debida gu\u00eda tienen las mejores posibilidades de obtener ventajas en tarifas y condiciones contractuales. Cont\u00e1ctanos y con una simple inspecci\u00f3n de tus recibos, de CFE u otra empresa que&hellip;<\/p>","protected":false},"author":1,"featured_media":0,"parent":0,"menu_order":0,"comment_status":"closed","ping_status":"closed","template":"","meta":{"footnotes":""},"class_list":["post-154","page","type-page","status-publish","hentry"],"_links":{"self":[{"href":"https:\/\/www.epscon.mx\/en\/wp-json\/wp\/v2\/pages\/154","targetHints":{"allow":["GET"]}}],"collection":[{"href":"https:\/\/www.epscon.mx\/en\/wp-json\/wp\/v2\/pages"}],"about":[{"href":"https:\/\/www.epscon.mx\/en\/wp-json\/wp\/v2\/types\/page"}],"author":[{"embeddable":true,"href":"https:\/\/www.epscon.mx\/en\/wp-json\/wp\/v2\/users\/1"}],"replies":[{"embeddable":true,"href":"https:\/\/www.epscon.mx\/en\/wp-json\/wp\/v2\/comments?post=154"}],"version-history":[{"count":79,"href":"https:\/\/www.epscon.mx\/en\/wp-json\/wp\/v2\/pages\/154\/revisions"}],"predecessor-version":[{"id":1039,"href":"https:\/\/www.epscon.mx\/en\/wp-json\/wp\/v2\/pages\/154\/revisions\/1039"}],"wp:attachment":[{"href":"https:\/\/www.epscon.mx\/en\/wp-json\/wp\/v2\/media?parent=154"}],"curies":[{"name":"wp","href":"https:\/\/api.w.org\/{rel}","templated":true}]}}